{"id":364,"date":"2021-09-06T15:14:57","date_gmt":"2021-09-06T13:14:57","guid":{"rendered":"http:\/\/www.associazioneformando.it\/?page_id=364"},"modified":"2024-07-22T15:28:13","modified_gmt":"2024-07-22T13:28:13","slug":"politiche-per-la-qualita","status":"publish","type":"page","link":"https:\/\/www.associazioneformando.it\/index.php\/politiche-per-la-qualita\/","title":{"rendered":"Politiche per la Qualit\u00e0"},"content":{"rendered":"\t\t<div data-elementor-type=\"wp-page\" data-elementor-id=\"364\" class=\"elementor elementor-364\">\n\t\t\t\t\t\t<section class=\"elementor-section elementor-top-section elementor-element elementor-element-15de4b83 elementor-section-boxed elementor-section-height-default elementor-section-height-default\" data-id=\"15de4b83\" data-element_type=\"section\" data-e-type=\"section\">\n\t\t\t\t\t\t<div class=\"elementor-container elementor-column-gap-default\">\n\t\t\t\t\t<div class=\"elementor-column elementor-col-100 elementor-top-column elementor-element elementor-element-41e8582d\" data-id=\"41e8582d\" data-element_type=\"column\" data-e-type=\"column\">\n\t\t\t<div class=\"elementor-widget-wrap elementor-element-populated\">\n\t\t\t\t\t\t<div class=\"elementor-element elementor-element-70dd594b elementor-widget elementor-widget-text-editor\" data-id=\"70dd594b\" data-element_type=\"widget\" data-e-type=\"widget\" data-widget_type=\"text-editor.default\">\n\t\t\t\t<div class=\"elementor-widget-container\">\n\t\t\t\t\t\t\t\t\t<p style=\"text-align: justify;\"><span style=\"color: #339966;\"><strong>Associazione Formando<\/strong><\/span> costituita nel 2017, \u00e8 un&#8217;unit\u00e0 operativa con piena<br \/>autonomia giuridica, patrimoniale ed organizzativa per la promozione e l&#8217;organizzazione diattivit\u00e0 formative ai fini della qualificazione, aggiornamento e formazione professionale nel settore commerciale, tecnico, linguistico, sociale e di recupero, turistico e sportivo.<\/p><p style=\"text-align: justify;\">La Direzione generale garantisce il proprio impegno per lo sviluppo e il miglioramento continuativo di un sistema di gestione per la qualit\u00e0 fondato sui requisiti espressi dai clienti e da tutte le parti interessate alle attivit\u00e0 formative (allievi, docenti, tutor, aziende, istituzioni) nel rispetto degli obblighi legislativi e di eventuali regolamenti specifici.<\/p><p style=\"text-align: justify;\">La Direzione assicura le risorse necessarie allo sviluppo del sistema di gestione per la<br \/>qualit\u00e0 in merito a:<br \/>\u2212 risorse umane e relativa attribuzione di incarichi, addestramento, valorizzazione delle competenze e sensibilizzazione circa l&#8217;importanza della funzione di ciascuna persona sugli effetti della propria attivit\u00e0 per il raggiungimento degli obiettivi di qualit\u00e0 pianificati;<br \/>\u2212 infrastrutture e ambiente di lavoro appropriati agli scopi dell&#8217;associazione.<\/p><p style=\"text-align: justify;\">Le Direzione si impegna:<br \/>\u2212 a definire, formalizzare e diffondere all&#8217;interno dell&#8217;associazione, con adeguati metodi di comunicazione, la politica e gli obiettivi per la qualit\u00e0 per ogni livello e funzione della struttura organizzativa.<br \/>Gli obiettivi per la qualit\u00e0, da esprimere con precisi indicatori misurabili all&#8217;interno di appositi Piani Qualit\u00e0 annuali, sono oggetto di monitoraggio, analisi e valutazione.<\/p><p style=\"text-align: justify;\">L&#8217;attivit\u00e0 di monitoraggio riguarda:<br \/>a) indicatori delle attivit\u00e0 didattiche comprendenti:<br \/>\u25ba apprendimento (conoscenze e capacit\u00e0 finali)<br \/>\u25ba risultati formativi (ricaduta sulla professionalit\u00e0)<br \/>\u25barisultati organizzativi (obiettivi raggiunti \/ obiettivi pianificati)<br \/>\u25basoddisfazione delle parti interessate (allievi, docenti, tutor, aziende)<\/p><p style=\"text-align: justify;\"><span style=\"color: #339966;\"><strong>Associazione Formando<\/strong><\/span><br \/>Agenzia formativa<br \/>b) indicatori delle attivit\u00e0 complessive e di struttura comprendenti:<br \/>\u25ba disservizi, emergenze e non conformit\u00e0 in genere<br \/>\u25ba prestazioni dei fornitori<br \/>\u25ba indici di efficacia e di efficienza con riferimento sia agli aspetti organizzativi che economici<br \/>\u2212 a garantire, attraverso il Rappresentante della Direzione (Responsabile Accreditamento), la definizione, l&#8217;attuazione e la verifica periodica mediante audit, di regole interne formalizzate in appositi documenti (Manuale e Mansionario, Procedure, Istruzioni operative);<br \/>\u2212 a riesaminare, con periodicit\u00e0 annuale, il sistema di gestione per la qualit\u00e0, compresi i contenuti della Politica per la Qualit\u00e0 ai fini della valutazione dei risultati e della individuazione di iniziative per il miglioramento.<\/p><p style=\"text-align: justify;\">La Direzione, pertanto, considera fondamentale l&#8217;obiettivo dell&#8217;accreditamento secondo le procedure stabilite dagli enti pubblici responsabili del riconoscimento delle attivit\u00e0 formative da erogare.<\/p><p style=\"text-align: justify;\">Tali obiettivi dovranno essere mantenuti nel tempo.<\/p><p style=\"text-align: justify;\">Si attribuisce al Sig. Stefano Groppo la funzione di Rappresentante della Direzione con la responsabilit\u00e0 e autorit\u00e0 per:<br \/>\u2212 assicurare che i processi del sistema di gestione vengano attuati e tenuti aggiornati;<br \/>\u2212 riferire alla Direzione in merito alle prestazioni del sistema accreditamento, incluse le esigenze per il miglioramento;<br \/>\u2212 promuovere la consapevolezza dei requisiti del cliente da parte dell&#8217;organizzazione.<\/p><p style=\"text-align: justify;\">Torino l\u00ec 26\/07\/2024<\/p><p style=\"text-align: justify;\">Direzione Organismo<br \/>Stefano Groppo<\/p>\t\t\t\t\t\t\t\t<\/div>\n\t\t\t\t<\/div>\n\t\t\t\t\t<\/div>\n\t\t<\/div>\n\t\t\t\t\t<\/div>\n\t\t<\/section>\n\t\t\t\t<\/div>\n\t\t","protected":false},"excerpt":{"rendered":"<p>Associazione Formando costituita nel 2017, \u00e8 un&#8217;unit\u00e0 operativa con pienaautonomia giuridica, patrimoniale ed organizzativa per la promozione e l&#8217;organizzazione diattivit\u00e0 formative ai fini della qualificazione, aggiornamento e formazione professionale nel settore commerciale, tecnico, linguistico, sociale e di recupero, turistico e sportivo. La Direzione generale garantisce il proprio impegno per lo sviluppo e il miglioramento continuativo [&hellip;]<\/p>\n","protected":false},"author":1,"featured_media":89,"parent":0,"menu_order":0,"comment_status":"closed","ping_status":"closed","template":"","meta":{"footnotes":""},"class_list":["post-364","page","type-page","status-publish","has-post-thumbnail","hentry"],"_links":{"self":[{"href":"https:\/\/www.associazioneformando.it\/index.php\/wp-json\/wp\/v2\/pages\/364","targetHints":{"allow":["GET"]}}],"collection":[{"href":"https:\/\/www.associazioneformando.it\/index.php\/wp-json\/wp\/v2\/pages"}],"about":[{"href":"https:\/\/www.associazioneformando.it\/index.php\/wp-json\/wp\/v2\/types\/page"}],"author":[{"embeddable":true,"href":"https:\/\/www.associazioneformando.it\/index.php\/wp-json\/wp\/v2\/users\/1"}],"replies":[{"embeddable":true,"href":"https:\/\/www.associazioneformando.it\/index.php\/wp-json\/wp\/v2\/comments?post=364"}],"version-history":[{"count":14,"href":"https:\/\/www.associazioneformando.it\/index.php\/wp-json\/wp\/v2\/pages\/364\/revisions"}],"predecessor-version":[{"id":441,"href":"https:\/\/www.associazioneformando.it\/index.php\/wp-json\/wp\/v2\/pages\/364\/revisions\/441"}],"wp:featuredmedia":[{"embeddable":true,"href":"https:\/\/www.associazioneformando.it\/index.php\/wp-json\/wp\/v2\/media\/89"}],"wp:attachment":[{"href":"https:\/\/www.associazioneformando.it\/index.php\/wp-json\/wp\/v2\/media?parent=364"}],"curies":[{"name":"wp","href":"https:\/\/api.w.org\/{rel}","templated":true}]}}