{"id":311,"date":"2020-02-12T20:27:57","date_gmt":"2020-02-12T19:27:57","guid":{"rendered":"http:\/\/www.associazioneformando.it\/?page_id=311"},"modified":"2020-02-12T20:28:31","modified_gmt":"2020-02-12T19:28:31","slug":"privacy-cookies-policy","status":"publish","type":"page","link":"https:\/\/www.associazioneformando.it\/index.php\/privacy-cookies-policy\/","title":{"rendered":"Privacy &#038; Cookies Policy"},"content":{"rendered":"\t\t<div data-elementor-type=\"wp-page\" data-elementor-id=\"311\" class=\"elementor elementor-311\">\n\t\t\t\t\t\t<section class=\"elementor-section elementor-top-section elementor-element elementor-element-5f23fc2 elementor-section-boxed elementor-section-height-default elementor-section-height-default\" data-id=\"5f23fc2\" data-element_type=\"section\" data-e-type=\"section\">\n\t\t\t\t\t\t<div class=\"elementor-container elementor-column-gap-default\">\n\t\t\t\t\t<div class=\"elementor-column elementor-col-100 elementor-top-column elementor-element elementor-element-ca0dd10\" data-id=\"ca0dd10\" data-element_type=\"column\" data-e-type=\"column\">\n\t\t\t<div class=\"elementor-widget-wrap elementor-element-populated\">\n\t\t\t\t\t\t<div class=\"elementor-element elementor-element-d483da8 elementor-widget elementor-widget-text-editor\" data-id=\"d483da8\" data-element_type=\"widget\" data-e-type=\"widget\" data-widget_type=\"text-editor.default\">\n\t\t\t\t<div class=\"elementor-widget-container\">\n\t\t\t\t\t\t\t\t\t<div><h2 style=\"text-align: justify;\">Informativa sulla Privacy<\/h2><\/div><div style=\"text-align: justify;\"><div><p>1.\u00a0<b>PRIVACY POLICY<\/b><\/p><p><b>Informativa privacy policy ex Art 13 del Regolamento Generale per la Protezione dei Dati UE 2016\/679 (GDPR)<\/b><\/p><p><b>Associazione Formando<\/b> con sede in piazza Martiri della Libert\u00e0 3\/5 &#8211; 10198 Rivoli (Torino) si impegna costantemente per tutelare la privacy on-line dei propri utenti.<\/p><p><b>A)\u00a0Fonte dei dati personali e Titolare del trattamento<\/b><\/p><p>Questo documento \u00e8 stato redatto ai sensi dell\u2019art. 13 del Regolamento UE 2016\/679 (di seguito: \u201c<b>Regolamento<\/b>\u201c) al fine di permetterle di conoscere la nostra politica sulla privacy. Vengono descritte le modalit\u00e0 generali del trattamento dei dati personali degli utenti del sito e dei cookies e come le sue informazioni personali vengono gestite quando utilizza il nostro sito <b>www.associazioneformando.it<\/b>\u00a0(di seguito \u201c<b>Sito<\/b>\u201d) Le informazioni ed i dati da lei forniti od altrimenti acquisiti nell\u2019ambito dell\u2019utilizzo dei servizi di Associazione Formando \u2013 come ad esempio: l\u2019accesso all\u2019area riservata del Sito, le newsletter, etc., di seguito \u201c<b>Servizi<\/b>\u201d -, saranno oggetto di trattamento nel rispetto delle disposizioni del Regolamento e degli obblighi di riservatezza che ispirano l\u2019attivit\u00e0 di\u00a0<span style=\"font-weight: bold;\">Associazione Formando<\/span>.<\/p><p>Secondo le norme del Regolamento, i trattamenti effettuati da\u00a0<span style=\"font-weight: bold;\">Associazione Formando\u00a0<\/span>saranno improntati ai principi di liceit\u00e0, correttezza, trasparenza, limitazione delle finalit\u00e0 e della conservazione, minimizzazione dei dati, esattezza, integrit\u00e0 e riservatezza.<\/p><p>Il titolare dei trattamenti svolti attraverso il <b>Sito<\/b> \u00e8 <b>Associazione Formando<\/b> con sede in piazza Martiri della Libert\u00e0 3\/5 &#8211; 10198 Rivoli (Torino) come sopra definito a cui pu\u00f2 scrivere per qualunque informazione inerente il trattamento dei dati personali.<\/p><p>Il Responsabile per la protezione dei dati personali (di seguito, \u201cDPO\u201d) \u00e8 raggiungibile al seguente recapito: <a href=\"mailto:segreteria@associazioneformando.it\">segreteria@associazioneformando.it<\/a><\/p><p>La presente informativa \u00e8 resa solo per questo <b>Sito<\/b> e non anche per altri siti web eventualmente consultati dall\u2019utente tramite link. Si rimanda ad eventuali sezioni specifiche del <b>Sito<\/b> dove potr\u00e0 trovare le informative specifiche e le eventuali richieste di consenso per singoli trattamenti.<\/p><p><b>B) Tipi di dati<\/b><\/p><p>A seguito della navigazione del Sito, la informiamo che <b>Associazione <\/b>Formando tratter\u00e0 dati personali (art. 4 (1) del Regolamento) di seguito solo \u201c<b>Dati Personali<\/b>\u201d.<\/p><p>In particolare i Dati Personali trattati attraverso il Sito sono i seguenti:<\/p><p><b>1. Dati di navigazione<\/b><\/p><p>I sistemi informatici e le procedure software preposte al funzionamento del <b>Sito<\/b> acquisiscono, nel corso del loro normale esercizio, alcuni Dati Personali la cui trasmissione \u00e8 implicita nell\u2019uso dei protocolli di comunicazione di Internet. Si tratta di informazioni che non sono raccolte per essere associate a interessati identificati, ma che per loro stessa natura potrebbero, attraverso elaborazioni ed associazioni con dati detenuti da terzi, permettere di identificare gli utenti. In questa categoria di dati rientrano gli indirizzi IP o i nomi a dominio dei computer utilizzati dagli utenti che si connettono al Sito, gli indirizzi in notazione URI (Uniform Resource Identifier) delle risorse richieste, l\u2019orario della richiesta, il metodo utilizzato nel sottoporre la richiesta al server, la dimensione del file ottenuto in risposta, il codice numerico indicante lo stato della risposta data dal server (buon fine, errore, etc.) ed altri parametri relativi al sistema operativo e all\u2019ambiente informatico dell\u2019utente. Questi dati vengono utilizzati al solo fine di ricavare informazioni statistiche anonime sull\u2019uso del Sito e per controllarne il corretto funzionamento (si veda infra il paragrafo sui cookie), per identificare anomalie e\/o abusi, e vengono cancellati immediatamente dopo l\u2019elaborazione. I dati potrebbero essere utilizzati dalle autorit\u00e0 competenti per l\u2019accertamento di responsabilit\u00e0 in caso di ipotetici reati informatici ai danni del sito.<\/p><p><b>2. Dati forniti volontariamente dall\u2019interessato<\/b><\/p><p>A parte quanto specificato per i dati di navigazione, l\u2019utente \u00e8 libero di fornire i dati personali riportati negli eventuali moduli di richiesta presenti all\u2019interno del sito web (es. per attivare newsletter, registrazione gratuita, acquisto, etc.). Il loro mancato conferimento potrebbe comportare l\u2019impossibilit\u00e0 di erogare il servizio. In questi casi saranno richieste le sole informazioni necessarie per il servizio richiesto (si vedano nel dettaglio le informative specifiche).<\/p><p>Nell\u2019utilizzo di alcuni Servizi del Sito potrebbe verificarsi un trattamento di Dati Personali di terzi soggetti da Lei inviati a\u00a0<span style=\"font-weight: bold;\">Associazione Formando.<\/span>\u00a0Rispetto a tali ipotesi, lei si pone come autonomo titolare del trattamento, assumendosi tutti gli obblighi e le responsabilit\u00e0 di legge. In tal senso, conferisce sul punto la pi\u00f9 ampia manleva rispetto ad ogni contestazione, pretesa, richiesta di risarcimento del danno da trattamento, ecc. che dovesse pervenire a\u00a0<span style=\"font-weight: bold;\">Associazione Formando<\/span>\u00a0da terzi soggetti i cui Dati Personali siano stati trattati attraverso il suo utilizzo delle funzioni del Sito in violazione delle norme sulla tutela dei dati personali applicabili. In ogni caso, qualora fornisse o in altro modo trattasse Dati Personali di terzi nell\u2019utilizzo del Sito, garantisce fin da ora \u2013 assumendosene ogni connessa responsabilit\u00e0 \u2013 che tale particolare ipotesi di trattamento si fonda su un\u2019idonea base giuridica ai sensi dell\u2019art. 6 del Regolamento che legittima il trattamento delle informazioni in questione.<\/p><p><b>C) Finalit\u00e0 del trattamento e basi giuridiche<\/b><\/p><p>Il trattamento dei dati personali che intendiamo effettuare, dietro suo specifico consenso ove necessario, ha le seguenti finalit\u00e0:<\/p><ul><li>Consentire l\u2019erogazione dei Servizi del Sito;<\/li><\/ul><p>La base giuridica del trattamento \u00e8 l\u2019esecuzione di misure precontrattuali adottate su richiesta dello stesso (art. 6(1)(b) del Regolamento) in quanto il trattamento \u00e8 necessario all\u2019erogazione del Servizio.<\/p><p>Il conferimento dei Dati Personali per queste finalit\u00e0 \u00e8 facoltativo ma l\u2019eventuale mancato conferimento comporterebbe l\u2019impossibilit\u00e0 di attivare i Servizi forniti dal Sito.<\/p><p><b>D) Destinatari dei dati personali<\/b><\/p><p>I suoi Dati Personali potranno essere condivisi, per le finalit\u00e0 di cui sopra, con:<\/p><ul><li>persone autorizzate da\u00a0<span style=\"font-weight: bold; color: #727272;\">Associazione Formando\u00a0<\/span>i\u00a0al trattamento di Dati Personali necessario a svolgere attivit\u00e0 strettamente correlate all\u2019erogazione dei Servizi, che si siano impegnate alla riservatezza o abbiano un adeguato obbligo legale di riservatezza (es. dipendenti e amministratori di sistema).<\/li><li>soggetti terzi eventualmente addetti alla gestione del Sito che agiscono tipicamente in qualit\u00e0 di Responsabili del trattamento.<\/li><li>soggetti, enti o autorit\u00e0 a cui sia obbligatorio comunicare i suoi Dati Personali in forza di disposizioni di legge o di ordini delle autorit\u00e0.<\/li><\/ul><p><b>E) Trasferimenti dei dati personali<\/b><\/p><p>Alcuni dei suoi Dati Personali sono condivisi con Destinatari che si potrebbero trovare al di fuori dello Spazio Economico Europeo.\u00a0<span style=\"font-weight: bold;\">Associazione Formando<\/span>\u00a0assicura che il trattamento dei suoi Dati Personali da parte di questi Destinatari avviene nel rispetto del Regolamento. Invero, i trasferimenti si possono basare su una decisione di adeguatezza, sulle Standard Contractual Clauses approvate dalla Commissione Europea o su un altro idonea base giuridica.<\/p><p><b>F) I Suoi diritti privacy ex artt. 15 e ss. del Regolamento<\/b><\/p><p>Ai sensi degli articoli 15 e seguenti del Regolamento, ha il diritto di chiedere a\u00a0<span style=\"font-weight: bold;\">Associazione Formando<\/span>, in qualunque momento, l\u2019accesso ai suoi Dati Personali, la rettifica o la cancellazione degli stessi o di opporsi al loro trattamento, ha diritto di richiedere la limitazione del trattamento nei casi previsti dall\u2019art. 18 del Regolamento, nonch\u00e9 di ottenere in un formato strutturato, di uso comune e leggibile da dispositivo automatico i dati che la riguardano, nei casi previsti dall\u2019art. 20 del Regolamento.<\/p><p>Le richieste vanno rivolte per iscritto al Titolare al seguente indirizzo\u00a0<a href=\"mailto:segreteria@associazioneformando.it\">segreteria@associazioneformando.it<\/a><\/p><p>In ogni caso hai sempre diritto di proporre reclamo all\u2019Autorit\u00e0 di Controllo competente (Garante per la Protezione dei Dati Personali), ai sensi dell\u2019art. 77 del Regolamento, qualora ritenga che il trattamento dei tuoi Dati Personali sia contrario alla normativa in vigore.<\/p><p><b>G) Modifiche<\/b><\/p><p>La presente privacy policy \u00e8 in vigore dal 21 maggio 2018. <b>Associazione Formando<\/b> si riserva di modificarne o semplicemente aggiornarne il contenuto, in parte o completamente, anche a causa di variazioni della normativa applicabile.\u00a0<span style=\"font-weight: bold;\">Associazione Formando<\/span>\u00a0la informer\u00e0 di tali variazioni non appena verranno introdotte ed esse saranno vincolanti non appena pubblicate sul Sito.<\/p><p><span style=\"font-weight: bold;\">Associazione Formando<\/span>\u00a0la invita quindi a visitare con regolarit\u00e0 questa sezione per prendere cognizione della pi\u00f9 recente ed aggiornata versione della privacy policy in modo da essere sempre aggiornato sui dati raccolti e sull\u2019uso che ne fa\u00a0<span style=\"font-weight: bold;\">Associazione Formando<\/span>.<\/p><\/div><\/div><div style=\"text-align: justify;\"><h3>Informativa sull&#8217;utilizzo dei Cookie<\/h3><\/div><div style=\"text-align: justify;\"><h4>Cosa sono i Cookie<\/h4><\/div><div style=\"text-align: justify;\"><div><p>I cookie sono stringhe di testo di piccola dimensione che un sito web invia al browser che utilizzi per navigare sul tuo dispositivo, sia esso un pc, uno smartphone o un tablet o qualsiasi altro dispositivo in grado di navigare su internet. Grazie ai cookie, il server invia informazioni al browser ogni volta che ritornerai su questo sito e gli fornir\u00e0 informazioni sull\u2019utilizzo che ne stai facendo al fine di ottenere dati statistici, memorizzare le preferenze inserite tra le quali anche eventualmente le username e le password e per veicolare messaggi pubblicitari in linea con i tuoi interessi.<\/p><\/div><\/div><div style=\"text-align: justify;\"><h4>Tipologie di Cookie esistenti<\/h4><\/div><div style=\"text-align: justify;\"><div><p><u>Cookie tecnici:<\/u>\u00a0sono necessari per il corretto funzionamento del sito web e per permettere la navigazione. Senza di essi potresti non essere in grado di visualizzare correttamente le pagine oppure di utilizzare alcuni servizi. Si dividono in due categorie: persistenti, una volta chiuso il browser non vengono distrutti ma rimangono fino ad una data di scadenza preimpostata; di sessione, vengono distrutti ogni volta che il browser viene chiuso.<\/p><p><u>Cookie analitici:<\/u>\u00a0vengono utilizzati per collezionare informazioni sull\u2019uso del sito, come le analisi statistiche anonime al fine di migliorare l\u2019utilizzo del\u00a0sito\u00a0e per rendere i\u00a0contenuti pi\u00f9 interessanti e attinenti ai tuoi desideri.<\/p><p><u>Cookie di profilazione:<\/u>\u00a0hanno il compito di profilare l\u2019utente e vengono utilizzati al fine di inviare messaggi pubblicitari in linea con le preferenze manifestate durante la navigazione.<\/p><p><u>Cookie di terze parti:<\/u>\u00a0vengono impostati da un sito diverso da quello che stai visitando e possono essere di ognuna delle tre tipologie precedenti: tecnici, analitici e di profilazione.<\/p><p>Secondo la normativa vigente non ti chiediamo il consenso per i cookie tecnici e analitici, in quanto necessari per una corretta fruizione del sito web. Per quanto riguarda i cookie di profilazione e di terze parti il tuo consenso pu\u00f2 essere espresso con una o pi\u00f9 di una delle seguenti modalit\u00e0:<\/p><p>\u2013 Mediante modifica delle specifiche configurazioni del browser che utilizzi per navigare sul sito<\/p><p>\u2013 Mediante modifica delle impostazioni nell\u2019uso dei servizi di terze parti<br \/>Ti ricordiamo che la modifica di una di queste due impostazioni potrebbe compromettere in parte o totalmente la fruizione e la visualizzazione di alcune parti del sito.<\/p><\/div><\/div><div style=\"text-align: justify;\"><h4>Cookie utilizzati dal nostro sito web<\/h4><\/div><div style=\"text-align: justify;\"><div><p>Utilizziamo i\u00a0<em>cookie tecnici<\/em>\u00a0che sono necessari per il corretto funzionamento del sito web e per permetterti la corretta navigazione sul nostro sito.<\/p><p>Inoltre utilizziamo i\u00a0<em>cookie analitici di terze parti<\/em>\u00a0che nello specifico sono quelli di Google, Facebook, Twitter, Linkedin.<\/p><\/div><\/div><div style=\"text-align: justify;\"><h4>Come disattivare i Cookie<\/h4><\/div><div style=\"text-align: justify;\"><div><p>\u00c8 possibile modificare le impostazioni del browser per disattivare i cookie tramite una procedura molto semplice.<\/p><p>Attenzione: disattivando i cookie potresti compromettere in parte o totalmente la fruizione e la visualizzazione di alcune parti del sito.<\/p><p><em>Chrome<\/em><\/p><p>\u2013 Seleziona \u201cMen\u00f9 Chrome\u201d nella barra del tuo browser<\/p><p>\u2013 Selezione \u201cimpostazioni\u201d<\/p><p>\u2013 Seleziona \u201cMostra impostazione avanzate\u201d<\/p><p>\u2013 Nella sezione \u201cPrivacy\u201d clicca su \u201cImpostazione contenuti\u201d<\/p><p>\u2013 Disattiva tutti i cookies selezionando \u201cImpedisci ai siti di impostare dati\u201d e \u201cBlocca cookie di terze parti e dati dei siti\u201d<\/p><p><em>Firefox<\/em><\/p><p>\u2013 Seleziona \u201cStrumenti\u201d nella barra del tuo browser<\/p><p>\u2013 Seleziona \u201cOpzioni\u201d<\/p><p>\u2013 Selezione la voce \u201cPrivacy\u201d<\/p><p>\u2013 Nell\u2019area \u201cCronologia\u201d scegli dal men\u00f9 a tendina l\u2019opzione \u201cutilizza impostazioni personalizzate\u201d<\/p><p>\u2013 Disattiva i cookies deselezionando la voce \u201cAccetta i cookie dai siti\u201d<\/p><p><em>Internet Explorer<\/em><\/p><p>\u2013 Seleziona \u201cStrumenti\u201d nella barra del tuo browser<\/p><p>\u2013 Seleziona \u201cOpzioni Internet\u201d<\/p><p>\u2013 Seleziona la voce \u201cPrivacy\u201d e poi clicca su \u201cAdvanced\u201d<\/p><p>\u2013 Seleziona \u201cOverride automatic cookie handling\u201d<\/p><p>\u2013 Disattiva i \u201cfirst-party cookie\u201d selezionando la voce \u201cBlock\u201d<\/p><p>\u2013 Disattiva i \u201cthird party cookie\u201d selezionando la voce \u201cBlock\u201d<\/p><p>\u2013 Disattiva i \u201csession cookie\u201d deselezionando la voce \u201cAlways allow session cookies\u201d<\/p><p><em>Safari<\/em><\/p><p>\u2013 Seleziona \u201cImpostazioni\u201d si trova in alto a destra ed \u00e8 rappresentata con un ingranaggio<\/p><p>\u2013 Seleziona la voce \u201cPreferenze\u201d<\/p><p>\u2013 Dal pannello delle preferenze seleziona la scheda relativa alla \u201cPrivacy\u201d<\/p><p>\u2013 Per disabilitare i cookies, alla voce \u201cBlocca cookies\u201d, seleziona \u201cSempre\u201d. Seleziona l\u2019opzione \u201cda siti di terze parti e sponsor\u201d per disabilitare i cookies di fonti esterne alla pagina che stai visualizzando.<\/p><p><em>Opera<\/em><\/p><p>\u2013 Seleziona \u201cPreferenze\u201d nella barra del browser<\/p><p>\u2013 Seleziona la voce \u201cAvanzate\u201d<\/p><p>\u2013 Dal pannello preferenze seleziona la voce \u201cCookie\u201d<\/p><p>\u2013 Selezionare quindi una delle seguenti opzioni: \u201cAccetta\u00a0tutti i cookie\u201d, \u201cAccetta i cookie solo dal sito che si visita\u201d, \u201cNon accettare mai i cookie\u201d<\/p><\/div><\/div><div style=\"text-align: justify;\"><h4>Come disattivare i Cookie di terze parti<\/h4><\/div><div><p style=\"text-align: justify;\"><a href=\"https:\/\/www.google.com\/settings\/u\/0\/ads?hl=it&amp;sig=ACi0TCgynZouUY2zJYweIgEqC1fISNYcYKrHD3Oh9ApWh0GE9iACm6MVUVzJ_rJyKEQnBsyJaGzvn1nnhT-B7pBKCGdtJ1aejbGj7bJwsP9FU9jpmtAAHZoq6hJ2KDfK_gtKEgDckABj206cYl_a-S4yGaTE11HMbG6WsguJe4mAv2jJVRodGSU\" target=\"_blank\" rel=\"noopener\">Servizi di Google<\/a><\/p><p style=\"text-align: justify;\"><a href=\"https:\/\/www.facebook.com\/help\/cookies?ref_type=sitefooter\" target=\"_blank\" rel=\"noopener\">Facebook<\/a><\/p><p style=\"text-align: justify;\"><a href=\"https:\/\/www.linkedin.com\/legal\/cookie_policy\" target=\"_blank\" rel=\"noopener\">Linkedin<\/a><\/p><\/div>\t\t\t\t\t\t\t\t<\/div>\n\t\t\t\t<\/div>\n\t\t\t\t\t<\/div>\n\t\t<\/div>\n\t\t\t\t\t<\/div>\n\t\t<\/section>\n\t\t\t\t<\/div>\n\t\t","protected":false},"excerpt":{"rendered":"<p>Informativa sulla Privacy 1.&nbsp;PRIVACY POLICY Informativa privacy policy ex Art 13 del Regolamento Generale per la Protezione dei Dati UE 2016\/679 (GDPR) Associazione Formando con sede in piazza Martiri della Libert\u00e0 3\/5 &#8211; 10198 Rivoli (Torino) si impegna costantemente per tutelare la privacy on-line dei propri utenti. A)&nbsp;Fonte dei dati personali e Titolare del trattamento [&hellip;]<\/p>\n","protected":false},"author":1,"featured_media":0,"parent":0,"menu_order":0,"comment_status":"closed","ping_status":"closed","template":"fullwidth.php","meta":{"footnotes":""},"class_list":["post-311","page","type-page","status-publish","hentry"],"_links":{"self":[{"href":"https:\/\/www.associazioneformando.it\/index.php\/wp-json\/wp\/v2\/pages\/311","targetHints":{"allow":["GET"]}}],"collection":[{"href":"https:\/\/www.associazioneformando.it\/index.php\/wp-json\/wp\/v2\/pages"}],"about":[{"href":"https:\/\/www.associazioneformando.it\/index.php\/wp-json\/wp\/v2\/types\/page"}],"author":[{"embeddable":true,"href":"https:\/\/www.associazioneformando.it\/index.php\/wp-json\/wp\/v2\/users\/1"}],"replies":[{"embeddable":true,"href":"https:\/\/www.associazioneformando.it\/index.php\/wp-json\/wp\/v2\/comments?post=311"}],"version-history":[{"count":4,"href":"https:\/\/www.associazioneformando.it\/index.php\/wp-json\/wp\/v2\/pages\/311\/revisions"}],"predecessor-version":[{"id":317,"href":"https:\/\/www.associazioneformando.it\/index.php\/wp-json\/wp\/v2\/pages\/311\/revisions\/317"}],"wp:attachment":[{"href":"https:\/\/www.associazioneformando.it\/index.php\/wp-json\/wp\/v2\/media?parent=311"}],"curies":[{"name":"wp","href":"https:\/\/api.w.org\/{rel}","templated":true}]}}